{"id":71,"date":"2025-02-03T18:54:44","date_gmt":"2025-02-03T18:54:44","guid":{"rendered":"http:\/\/crema-kirchheim.de\/crema\/?page_id=71"},"modified":"2026-01-09T14:10:32","modified_gmt":"2026-01-09T14:10:32","slug":"galerie","status":"publish","type":"page","link":"https:\/\/crema-kirchheim.de\/crema\/galerie\/","title":{"rendered":"Galerie"},"content":{"rendered":"\n<p>Bei uns gibt&#8217;s leckeres&#8230;<\/p>\n\n\n\n<h1 class=\"wp-block-heading\">Einblicke<\/h1>\n\n\n\n<figure class=\"wp-block-video\"><video controls src=\"http:\/\/crema-kirchheim.de\/wp-content\/uploads\/2025\/02\/VID-20250202-WA0022.mp4\" playsinline><\/video><\/figure>\n\n\n\n<p><br><br><\/p>\n\n\n\n<h1 class=\"wp-block-heading\">Impressionen<\/h1>\n\n\n\n<figure class=\"wp-block-image size-large\"><img loading=\"lazy\" decoding=\"async\" width=\"1024\" height=\"768\" src=\"http:\/\/crema-kirchheim.de\/wp-content\/uploads\/2025\/02\/IMG-20250202-WA0017-1024x768.jpg\" alt=\"\" class=\"wp-image-76\" srcset=\"https:\/\/crema-kirchheim.de\/wp-content\/uploads\/2025\/02\/IMG-20250202-WA0017-1024x768.jpg 1024w, https:\/\/crema-kirchheim.de\/wp-content\/uploads\/2025\/02\/IMG-20250202-WA0017-300x225.jpg 300w, https:\/\/crema-kirchheim.de\/wp-content\/uploads\/2025\/02\/IMG-20250202-WA0017-768x576.jpg 768w, https:\/\/crema-kirchheim.de\/wp-content\/uploads\/2025\/02\/IMG-20250202-WA0017-1536x1152.jpg 1536w, https:\/\/crema-kirchheim.de\/wp-content\/uploads\/2025\/02\/IMG-20250202-WA0017.jpg 2048w\" sizes=\"auto, (max-width: 1024px) 100vw, 1024px\" \/><\/figure>\n\n\n\n<figure class=\"wp-block-image size-large\"><img loading=\"lazy\" decoding=\"async\" width=\"1024\" height=\"768\" src=\"http:\/\/crema-kirchheim.de\/wp-content\/uploads\/2025\/02\/IMG-20250202-WA0019-1024x768.jpg\" alt=\"\" class=\"wp-image-77\" srcset=\"https:\/\/crema-kirchheim.de\/wp-content\/uploads\/2025\/02\/IMG-20250202-WA0019-1024x768.jpg 1024w, https:\/\/crema-kirchheim.de\/wp-content\/uploads\/2025\/02\/IMG-20250202-WA0019-300x225.jpg 300w, https:\/\/crema-kirchheim.de\/wp-content\/uploads\/2025\/02\/IMG-20250202-WA0019-768x576.jpg 768w, https:\/\/crema-kirchheim.de\/wp-content\/uploads\/2025\/02\/IMG-20250202-WA0019-1536x1152.jpg 1536w, https:\/\/crema-kirchheim.de\/wp-content\/uploads\/2025\/02\/IMG-20250202-WA0019.jpg 2048w\" sizes=\"auto, (max-width: 1024px) 100vw, 1024px\" \/><\/figure>\n\n\n\n<p><br><br><\/p>\n\n\n\n<h1 class=\"wp-block-heading\">Leckeres<\/h1>\n\n\n\n<figure class=\"wp-block-image size-large\"><img loading=\"lazy\" decoding=\"async\" width=\"768\" height=\"1024\" src=\"http:\/\/crema-kirchheim.de\/wp-content\/uploads\/2025\/02\/IMG-20250202-WA0008-768x1024.jpg\" alt=\"\" class=\"wp-image-78\" srcset=\"https:\/\/crema-kirchheim.de\/wp-content\/uploads\/2025\/02\/IMG-20250202-WA0008-768x1024.jpg 768w, https:\/\/crema-kirchheim.de\/wp-content\/uploads\/2025\/02\/IMG-20250202-WA0008-225x300.jpg 225w, https:\/\/crema-kirchheim.de\/wp-content\/uploads\/2025\/02\/IMG-20250202-WA0008-1152x1536.jpg 1152w, https:\/\/crema-kirchheim.de\/wp-content\/uploads\/2025\/02\/IMG-20250202-WA0008.jpg 1200w\" sizes=\"auto, (max-width: 768px) 100vw, 768px\" \/><\/figure>\n\n\n\n<figure class=\"wp-block-image size-large\"><img loading=\"lazy\" decoding=\"async\" width=\"916\" height=\"1024\" src=\"http:\/\/crema-kirchheim.de\/wp-content\/uploads\/2025\/02\/IMG-20250202-WA0001_geschnitten-916x1024.jpg\" alt=\"\" class=\"wp-image-79\" srcset=\"https:\/\/crema-kirchheim.de\/wp-content\/uploads\/2025\/02\/IMG-20250202-WA0001_geschnitten-916x1024.jpg 916w, https:\/\/crema-kirchheim.de\/wp-content\/uploads\/2025\/02\/IMG-20250202-WA0001_geschnitten-268x300.jpg 268w, https:\/\/crema-kirchheim.de\/wp-content\/uploads\/2025\/02\/IMG-20250202-WA0001_geschnitten-768x858.jpg 768w, https:\/\/crema-kirchheim.de\/wp-content\/uploads\/2025\/02\/IMG-20250202-WA0001_geschnitten.jpg 953w\" sizes=\"auto, (max-width: 916px) 100vw, 916px\" \/><\/figure>\n\n\n\n<figure class=\"wp-block-image size-large\"><img loading=\"lazy\" decoding=\"async\" width=\"1024\" height=\"478\" src=\"http:\/\/crema-kirchheim.de\/wp-content\/uploads\/2025\/02\/20250201_200849_50-1024x478.jpg\" alt=\"\" class=\"wp-image-80\" srcset=\"https:\/\/crema-kirchheim.de\/wp-content\/uploads\/2025\/02\/20250201_200849_50-1024x478.jpg 1024w, https:\/\/crema-kirchheim.de\/wp-content\/uploads\/2025\/02\/20250201_200849_50-300x140.jpg 300w, https:\/\/crema-kirchheim.de\/wp-content\/uploads\/2025\/02\/20250201_200849_50-768x359.jpg 768w, https:\/\/crema-kirchheim.de\/wp-content\/uploads\/2025\/02\/20250201_200849_50-1536x717.jpg 1536w, https:\/\/crema-kirchheim.de\/wp-content\/uploads\/2025\/02\/20250201_200849_50.jpg 2000w\" sizes=\"auto, (max-width: 1024px) 100vw, 1024px\" \/><\/figure>\n\n\n\n<figure class=\"wp-block-image size-large\"><img loading=\"lazy\" decoding=\"async\" width=\"768\" height=\"1024\" src=\"http:\/\/crema-kirchheim.de\/wp-content\/uploads\/2025\/02\/475993596_122108207348727646_3996663679377822829_n-768x1024.jpg\" alt=\"\" class=\"wp-image-94\" srcset=\"https:\/\/crema-kirchheim.de\/wp-content\/uploads\/2025\/02\/475993596_122108207348727646_3996663679377822829_n-768x1024.jpg 768w, https:\/\/crema-kirchheim.de\/wp-content\/uploads\/2025\/02\/475993596_122108207348727646_3996663679377822829_n-225x300.jpg 225w, https:\/\/crema-kirchheim.de\/wp-content\/uploads\/2025\/02\/475993596_122108207348727646_3996663679377822829_n-1152x1536.jpg 1152w, https:\/\/crema-kirchheim.de\/wp-content\/uploads\/2025\/02\/475993596_122108207348727646_3996663679377822829_n.jpg 1200w\" sizes=\"auto, (max-width: 768px) 100vw, 768px\" \/><\/figure>\n\n\n\n<div class=\"wp-block-buttons is-content-justification-center is-layout-flex wp-container-core-buttons-is-layout-1 wp-block-buttons-is-layout-flex\">\n<div class=\"wp-block-button\"><a class=\"wp-block-button__link wp-element-button\" href=\"http:\/\/crema-kirchheim.de\/crema\/\">ZUR\u00dcCK<\/a><\/div>\n<\/div>\n\n\n\n<p><\/p>\n","protected":false},"excerpt":{"rendered":"<p>Bei uns gibt&#8217;s leckeres&#8230; Einblicke Impressionen Leckeres [&hellip;]<\/p>\n","protected":false},"author":1,"featured_media":0,"parent":0,"menu_order":0,"comment_status":"closed","ping_status":"closed","template":"","meta":{"footnotes":""},"class_list":["post-71","page","type-page","status-publish","hentry"],"yoast_head":"<!-- This site is optimized with the Yoast SEO plugin v26.8 - https:\/\/yoast.com\/product\/yoast-seo-wordpress\/ -->\n<title>Bilder Galerie Cafe Crema - mehr als Fr\u00fchst\u00fcck in Kirchheim Teck - Crema-Kirchheim<\/title>\n<meta name=\"description\" content=\"Besuchen Sie das Cafe Crema - mehr als Fr\u00fchst\u00fcck in Kirchheim unter Teck und erleben Sie ein einzigartiges Fr\u00fchst\u00fcck im wundervollem Ambiente\" \/>\n<meta name=\"robots\" content=\"index, follow, max-snippet:-1, max-image-preview:large, max-video-preview:-1\" \/>\n<link rel=\"canonical\" href=\"https:\/\/crema-kirchheim.de\/crema\/galerie\/\" \/>\n<meta property=\"og:locale\" content=\"de_DE\" \/>\n<meta property=\"og:type\" content=\"article\" \/>\n<meta property=\"og:title\" content=\"Bilder Galerie Cafe Crema - mehr als Fr\u00fchst\u00fcck in Kirchheim Teck - Crema-Kirchheim\" \/>\n<meta property=\"og:description\" content=\"Besuchen Sie das Cafe Crema - mehr als Fr\u00fchst\u00fcck in Kirchheim unter Teck und erleben Sie ein einzigartiges Fr\u00fchst\u00fcck im wundervollem Ambiente\" \/>\n<meta property=\"og:url\" content=\"https:\/\/crema-kirchheim.de\/crema\/galerie\/\" \/>\n<meta property=\"og:site_name\" content=\"Crema-Kirchheim\" \/>\n<meta property=\"article:publisher\" content=\"https:\/\/www.facebook.com\/p\/Crema-mehr-als-Frhstck-61571829382683\/\" \/>\n<meta property=\"article:modified_time\" content=\"2026-01-09T14:10:32+00:00\" \/>\n<meta property=\"og:image\" content=\"http:\/\/crema-kirchheim.de\/wp-content\/uploads\/2025\/02\/IMG-20250202-WA0017-1024x768.jpg\" \/>\n<meta name=\"twitter:card\" content=\"summary_large_image\" \/>\n<meta name=\"twitter:label1\" content=\"Gesch\u00e4tzte Lesezeit\" \/>\n\t<meta name=\"twitter:data1\" content=\"2\u00a0Minuten\" \/>\n<script type=\"application\/ld+json\" class=\"yoast-schema-graph\">{\"@context\":\"https:\/\/schema.org\",\"@graph\":[{\"@type\":\"WebPage\",\"@id\":\"https:\/\/crema-kirchheim.de\/crema\/galerie\/\",\"url\":\"https:\/\/crema-kirchheim.de\/crema\/galerie\/\",\"name\":\"Bilder Galerie Cafe Crema - mehr als Fr\u00fchst\u00fcck in Kirchheim Teck - Crema-Kirchheim\",\"isPartOf\":{\"@id\":\"https:\/\/crema-kirchheim.de\/crema\/#website\"},\"primaryImageOfPage\":{\"@id\":\"https:\/\/crema-kirchheim.de\/crema\/galerie\/#primaryimage\"},\"image\":{\"@id\":\"https:\/\/crema-kirchheim.de\/crema\/galerie\/#primaryimage\"},\"thumbnailUrl\":\"http:\/\/crema-kirchheim.de\/wp-content\/uploads\/2025\/02\/IMG-20250202-WA0017-1024x768.jpg\",\"datePublished\":\"2025-02-03T18:54:44+00:00\",\"dateModified\":\"2026-01-09T14:10:32+00:00\",\"description\":\"Besuchen Sie das Cafe Crema - mehr als Fr\u00fchst\u00fcck in Kirchheim unter Teck und erleben Sie ein einzigartiges Fr\u00fchst\u00fcck im wundervollem Ambiente\",\"breadcrumb\":{\"@id\":\"https:\/\/crema-kirchheim.de\/crema\/galerie\/#breadcrumb\"},\"inLanguage\":\"de\",\"potentialAction\":[{\"@type\":\"ReadAction\",\"target\":[\"https:\/\/crema-kirchheim.de\/crema\/galerie\/\"]}]},{\"@type\":\"ImageObject\",\"inLanguage\":\"de\",\"@id\":\"https:\/\/crema-kirchheim.de\/crema\/galerie\/#primaryimage\",\"url\":\"http:\/\/crema-kirchheim.de\/wp-content\/uploads\/2025\/02\/IMG-20250202-WA0017-1024x768.jpg\",\"contentUrl\":\"http:\/\/crema-kirchheim.de\/wp-content\/uploads\/2025\/02\/IMG-20250202-WA0017-1024x768.jpg\"},{\"@type\":\"BreadcrumbList\",\"@id\":\"https:\/\/crema-kirchheim.de\/crema\/galerie\/#breadcrumb\",\"itemListElement\":[{\"@type\":\"ListItem\",\"position\":1,\"name\":\"Startseite\",\"item\":\"https:\/\/crema-kirchheim.de\/crema\/\"},{\"@type\":\"ListItem\",\"position\":2,\"name\":\"Galerie\"}]},{\"@type\":\"WebSite\",\"@id\":\"https:\/\/crema-kirchheim.de\/crema\/#website\",\"url\":\"https:\/\/crema-kirchheim.de\/crema\/\",\"name\":\"Crema-Kirchheim\",\"description\":\"mehr als Fr\u00fchst\u00fcck\",\"publisher\":{\"@id\":\"https:\/\/crema-kirchheim.de\/crema\/#organization\"},\"potentialAction\":[{\"@type\":\"SearchAction\",\"target\":{\"@type\":\"EntryPoint\",\"urlTemplate\":\"https:\/\/crema-kirchheim.de\/crema\/?s={search_term_string}\"},\"query-input\":{\"@type\":\"PropertyValueSpecification\",\"valueRequired\":true,\"valueName\":\"search_term_string\"}}],\"inLanguage\":\"de\"},{\"@type\":\"Organization\",\"@id\":\"https:\/\/crema-kirchheim.de\/crema\/#organization\",\"name\":\"Crema - mehr als Fr\u00fchst\u00fcck\",\"url\":\"https:\/\/crema-kirchheim.de\/crema\/\",\"logo\":{\"@type\":\"ImageObject\",\"inLanguage\":\"de\",\"@id\":\"https:\/\/crema-kirchheim.de\/crema\/#\/schema\/logo\/image\/\",\"url\":\"https:\/\/crema-kirchheim.de\/wp-content\/uploads\/2025\/01\/cropped-LOGO-rund-Social-Media.png\",\"contentUrl\":\"https:\/\/crema-kirchheim.de\/wp-content\/uploads\/2025\/01\/cropped-LOGO-rund-Social-Media.png\",\"width\":800,\"height\":375,\"caption\":\"Crema - mehr als Fr\u00fchst\u00fcck\"},\"image\":{\"@id\":\"https:\/\/crema-kirchheim.de\/crema\/#\/schema\/logo\/image\/\"},\"sameAs\":[\"https:\/\/www.facebook.com\/p\/Crema-mehr-als-Frhstck-61571829382683\/\",\"https:\/\/www.instagram.com\/crema_mehr_als_fruehstueck\/\"]}]}<\/script>\n<!-- \/ Yoast SEO plugin. -->","yoast_head_json":{"title":"Bilder Galerie Cafe Crema - mehr als Fr\u00fchst\u00fcck in Kirchheim Teck - Crema-Kirchheim","description":"Besuchen Sie das Cafe Crema - mehr als Fr\u00fchst\u00fcck in Kirchheim unter Teck und erleben Sie ein einzigartiges Fr\u00fchst\u00fcck im wundervollem Ambiente","robots":{"index":"index","follow":"follow","max-snippet":"max-snippet:-1","max-image-preview":"max-image-preview:large","max-video-preview":"max-video-preview:-1"},"canonical":"https:\/\/crema-kirchheim.de\/crema\/galerie\/","og_locale":"de_DE","og_type":"article","og_title":"Bilder Galerie Cafe Crema - mehr als Fr\u00fchst\u00fcck in Kirchheim Teck - Crema-Kirchheim","og_description":"Besuchen Sie das Cafe Crema - mehr als Fr\u00fchst\u00fcck in Kirchheim unter Teck und erleben Sie ein einzigartiges Fr\u00fchst\u00fcck im wundervollem Ambiente","og_url":"https:\/\/crema-kirchheim.de\/crema\/galerie\/","og_site_name":"Crema-Kirchheim","article_publisher":"https:\/\/www.facebook.com\/p\/Crema-mehr-als-Frhstck-61571829382683\/","article_modified_time":"2026-01-09T14:10:32+00:00","og_image":[{"url":"http:\/\/crema-kirchheim.de\/wp-content\/uploads\/2025\/02\/IMG-20250202-WA0017-1024x768.jpg","type":"","width":"","height":""}],"twitter_card":"summary_large_image","twitter_misc":{"Gesch\u00e4tzte Lesezeit":"2\u00a0Minuten"},"schema":{"@context":"https:\/\/schema.org","@graph":[{"@type":"WebPage","@id":"https:\/\/crema-kirchheim.de\/crema\/galerie\/","url":"https:\/\/crema-kirchheim.de\/crema\/galerie\/","name":"Bilder Galerie Cafe Crema - mehr als Fr\u00fchst\u00fcck in Kirchheim Teck - Crema-Kirchheim","isPartOf":{"@id":"https:\/\/crema-kirchheim.de\/crema\/#website"},"primaryImageOfPage":{"@id":"https:\/\/crema-kirchheim.de\/crema\/galerie\/#primaryimage"},"image":{"@id":"https:\/\/crema-kirchheim.de\/crema\/galerie\/#primaryimage"},"thumbnailUrl":"http:\/\/crema-kirchheim.de\/wp-content\/uploads\/2025\/02\/IMG-20250202-WA0017-1024x768.jpg","datePublished":"2025-02-03T18:54:44+00:00","dateModified":"2026-01-09T14:10:32+00:00","description":"Besuchen Sie das Cafe Crema - mehr als Fr\u00fchst\u00fcck in Kirchheim unter Teck und erleben Sie ein einzigartiges Fr\u00fchst\u00fcck im wundervollem Ambiente","breadcrumb":{"@id":"https:\/\/crema-kirchheim.de\/crema\/galerie\/#breadcrumb"},"inLanguage":"de","potentialAction":[{"@type":"ReadAction","target":["https:\/\/crema-kirchheim.de\/crema\/galerie\/"]}]},{"@type":"ImageObject","inLanguage":"de","@id":"https:\/\/crema-kirchheim.de\/crema\/galerie\/#primaryimage","url":"http:\/\/crema-kirchheim.de\/wp-content\/uploads\/2025\/02\/IMG-20250202-WA0017-1024x768.jpg","contentUrl":"http:\/\/crema-kirchheim.de\/wp-content\/uploads\/2025\/02\/IMG-20250202-WA0017-1024x768.jpg"},{"@type":"BreadcrumbList","@id":"https:\/\/crema-kirchheim.de\/crema\/galerie\/#breadcrumb","itemListElement":[{"@type":"ListItem","position":1,"name":"Startseite","item":"https:\/\/crema-kirchheim.de\/crema\/"},{"@type":"ListItem","position":2,"name":"Galerie"}]},{"@type":"WebSite","@id":"https:\/\/crema-kirchheim.de\/crema\/#website","url":"https:\/\/crema-kirchheim.de\/crema\/","name":"Crema-Kirchheim","description":"mehr als Fr\u00fchst\u00fcck","publisher":{"@id":"https:\/\/crema-kirchheim.de\/crema\/#organization"},"potentialAction":[{"@type":"SearchAction","target":{"@type":"EntryPoint","urlTemplate":"https:\/\/crema-kirchheim.de\/crema\/?s={search_term_string}"},"query-input":{"@type":"PropertyValueSpecification","valueRequired":true,"valueName":"search_term_string"}}],"inLanguage":"de"},{"@type":"Organization","@id":"https:\/\/crema-kirchheim.de\/crema\/#organization","name":"Crema - mehr als Fr\u00fchst\u00fcck","url":"https:\/\/crema-kirchheim.de\/crema\/","logo":{"@type":"ImageObject","inLanguage":"de","@id":"https:\/\/crema-kirchheim.de\/crema\/#\/schema\/logo\/image\/","url":"https:\/\/crema-kirchheim.de\/wp-content\/uploads\/2025\/01\/cropped-LOGO-rund-Social-Media.png","contentUrl":"https:\/\/crema-kirchheim.de\/wp-content\/uploads\/2025\/01\/cropped-LOGO-rund-Social-Media.png","width":800,"height":375,"caption":"Crema - mehr als Fr\u00fchst\u00fcck"},"image":{"@id":"https:\/\/crema-kirchheim.de\/crema\/#\/schema\/logo\/image\/"},"sameAs":["https:\/\/www.facebook.com\/p\/Crema-mehr-als-Frhstck-61571829382683\/","https:\/\/www.instagram.com\/crema_mehr_als_fruehstueck\/"]}]}},"_links":{"self":[{"href":"https:\/\/crema-kirchheim.de\/crema\/wp-json\/wp\/v2\/pages\/71","targetHints":{"allow":["GET"]}}],"collection":[{"href":"https:\/\/crema-kirchheim.de\/crema\/wp-json\/wp\/v2\/pages"}],"about":[{"href":"https:\/\/crema-kirchheim.de\/crema\/wp-json\/wp\/v2\/types\/page"}],"author":[{"embeddable":true,"href":"https:\/\/crema-kirchheim.de\/crema\/wp-json\/wp\/v2\/users\/1"}],"replies":[{"embeddable":true,"href":"https:\/\/crema-kirchheim.de\/crema\/wp-json\/wp\/v2\/comments?post=71"}],"version-history":[{"count":10,"href":"https:\/\/crema-kirchheim.de\/crema\/wp-json\/wp\/v2\/pages\/71\/revisions"}],"predecessor-version":[{"id":312,"href":"https:\/\/crema-kirchheim.de\/crema\/wp-json\/wp\/v2\/pages\/71\/revisions\/312"}],"wp:attachment":[{"href":"https:\/\/crema-kirchheim.de\/crema\/wp-json\/wp\/v2\/media?parent=71"}],"curies":[{"name":"wp","href":"https:\/\/api.w.org\/{rel}","templated":true}]}}