{"id":7,"date":"2025-01-16T12:24:18","date_gmt":"2025-01-16T12:24:18","guid":{"rendered":"http:\/\/crema-kirchheim.de\/?page_id=7"},"modified":"2025-09-30T15:55:52","modified_gmt":"2025-09-30T15:55:52","slug":"impressum","status":"publish","type":"page","link":"https:\/\/crema-kirchheim.de\/crema\/impressum\/","title":{"rendered":"Impressum"},"content":{"rendered":"\n<h1 class=\"wp-block-heading\"><strong><em>Crema<\/em><\/strong> &#8211;<strong><em> mehr als Fr\u00fchst\u00fcck<\/em><\/strong><\/h1>\n\n\n\n<p><em>Thomas Heidkamp<\/em>\u200d<br>Dettinger Str. 45<br>\u200d<em>73230 Kirchheim unter Teck<\/em>\u200d<br>\u200d<em>Telefon: 07021 \/ 8795955<br>\u200d<\/em>\u200d<a href=\"mailto:webmaster@zum-hallenwirt.de\"><em>webmaster@crema-kirchheim.de<\/em><\/a>\u200d<br>\u200d<em>Umsatzsteueridentifikationsnummer gem. \u00a727a Umsatzsteuergesetz: DE 325 452 743<\/em><\/p>\n\n\n\n<h2 class=\"wp-block-heading\">Verantwortlicher Redakteur:<\/h2>\n\n\n\n<p><em>Thomas Heidkamp<br>Dettinger Str. 45<br>73230 Kirchheim unter Teck<br>Telefon: <em>07021 \/ 8795955<\/em><br>\u200d<\/em><a href=\"mailto:webmaster@zum-hallenwirt.de\"><em>webmaster@crema-kirchheim.de<\/em><\/a><\/p>\n\n\n\n<h3 class=\"wp-block-heading\"><\/h3>\n\n\n\n<p><\/p>\n\n\n\n<h3 class=\"wp-block-heading\">Links zu anderen Seiten im Internet<\/h3>\n\n\n\n<p>Wir haben auf unseren Seiten Links zu anderen Seiten im Internet gelegt.<br>Mit Urteil vom 12. Mai 1998 hat das Landgericht Hamburg entschieden, dass man durch die Ausbringung eines Links die Inhalte der gelinkten Seite ggf. mitzuverantworten hat.<br>Dies kann, so das Landgericht Hamburg, nur dadurch verhindert werden, dass man sich ausdr\u00fccklich von diesen Inhalten distanziert.<\/p>\n\n\n\n<h3 class=\"wp-block-heading\"><strong>F\u00fcr alle diese Links gilt deshalb:<\/strong><\/h3>\n\n\n\n<p><strong>Wir erkl\u00e4ren hiermit ausdr\u00fccklich, dass wir keinerlei Einfluss auf die Gestaltung und die Inhalte der gelinkten Seiten haben.<br>Deshalb distanzieren wir uns hiermit ausdr\u00fccklich von den Inhalten aller gelinkten Seiten auf unserer Homepage und machen uns diese Inhalte nicht zu Eigen.<br>\u200d<\/strong>Diese Erkl\u00e4rung gilt f\u00fcr alle auf dieser Homepage und ihren Unterseiten angezeigten Links und f\u00fcr alle Inhalte der Seiten, zu denen die bei uns angemeldeten Banner und Links f\u00fchren.<\/p>\n\n\n\n<div class=\"wp-block-buttons is-content-justification-center is-layout-flex wp-container-core-buttons-is-layout-1 wp-block-buttons-is-layout-flex\">\n<div class=\"wp-block-button\"><a class=\"wp-block-button__link wp-element-button\" href=\"http:\/\/crema-kirchheim.de\/crema\/\">ZUR\u00dcCK<\/a><\/div>\n<\/div>\n\n\n\n<p><\/p>\n","protected":false},"excerpt":{"rendered":"<p>Crema &#8211; mehr als Fr\u00fchst\u00fcck Thomas Heidkamp\u200dDettinger Str. 45\u200d73230 Kirchheim unter Teck\u200d\u200dTelefon: 07021 [&hellip;]<\/p>\n","protected":false},"author":1,"featured_media":0,"parent":0,"menu_order":0,"comment_status":"closed","ping_status":"closed","template":"","meta":{"footnotes":""},"class_list":["post-7","page","type-page","status-publish","hentry"],"yoast_head":"<!-- This site is optimized with the Yoast SEO plugin v26.8 - https:\/\/yoast.com\/product\/yoast-seo-wordpress\/ -->\n<title>Impressum Cafe Crema - mehr als Fr\u00fchst\u00fcck, Kirchheim unter Teck - Crema-Kirchheim<\/title>\n<meta name=\"description\" content=\"Impressum Cafe Crema Kirchheim unter Teck, Dettinger Str. 45, 73230 Kirchheim unter Teck. Verantwortlicher Redakteur, Links zu andren Seiten\" \/>\n<meta name=\"robots\" content=\"index, follow, max-snippet:-1, max-image-preview:large, max-video-preview:-1\" \/>\n<link rel=\"canonical\" href=\"https:\/\/crema-kirchheim.de\/crema\/impressum\/\" \/>\n<meta property=\"og:locale\" content=\"de_DE\" \/>\n<meta property=\"og:type\" content=\"article\" \/>\n<meta property=\"og:title\" content=\"Impressum Cafe Crema - mehr als Fr\u00fchst\u00fcck, Kirchheim unter Teck - Crema-Kirchheim\" \/>\n<meta property=\"og:description\" content=\"Impressum Cafe Crema Kirchheim unter Teck, Dettinger Str. 45, 73230 Kirchheim unter Teck. Verantwortlicher Redakteur, Links zu andren Seiten\" \/>\n<meta property=\"og:url\" content=\"https:\/\/crema-kirchheim.de\/crema\/impressum\/\" \/>\n<meta property=\"og:site_name\" content=\"Crema-Kirchheim\" \/>\n<meta property=\"article:publisher\" content=\"https:\/\/www.facebook.com\/p\/Crema-mehr-als-Frhstck-61571829382683\/\" \/>\n<meta property=\"article:modified_time\" content=\"2025-09-30T15:55:52+00:00\" \/>\n<meta name=\"twitter:card\" content=\"summary_large_image\" \/>\n<meta name=\"twitter:label1\" content=\"Gesch\u00e4tzte Lesezeit\" \/>\n\t<meta name=\"twitter:data1\" content=\"2\u00a0Minuten\" \/>\n<script type=\"application\/ld+json\" class=\"yoast-schema-graph\">{\"@context\":\"https:\/\/schema.org\",\"@graph\":[{\"@type\":\"WebPage\",\"@id\":\"https:\/\/crema-kirchheim.de\/crema\/impressum\/\",\"url\":\"https:\/\/crema-kirchheim.de\/crema\/impressum\/\",\"name\":\"Impressum Cafe Crema - mehr als Fr\u00fchst\u00fcck, Kirchheim unter Teck - Crema-Kirchheim\",\"isPartOf\":{\"@id\":\"https:\/\/crema-kirchheim.de\/crema\/#website\"},\"datePublished\":\"2025-01-16T12:24:18+00:00\",\"dateModified\":\"2025-09-30T15:55:52+00:00\",\"description\":\"Impressum Cafe Crema Kirchheim unter Teck, Dettinger Str. 45, 73230 Kirchheim unter Teck. Verantwortlicher Redakteur, Links zu andren Seiten\",\"breadcrumb\":{\"@id\":\"https:\/\/crema-kirchheim.de\/crema\/impressum\/#breadcrumb\"},\"inLanguage\":\"de\",\"potentialAction\":[{\"@type\":\"ReadAction\",\"target\":[\"https:\/\/crema-kirchheim.de\/crema\/impressum\/\"]}]},{\"@type\":\"BreadcrumbList\",\"@id\":\"https:\/\/crema-kirchheim.de\/crema\/impressum\/#breadcrumb\",\"itemListElement\":[{\"@type\":\"ListItem\",\"position\":1,\"name\":\"Startseite\",\"item\":\"https:\/\/crema-kirchheim.de\/crema\/\"},{\"@type\":\"ListItem\",\"position\":2,\"name\":\"Impressum\"}]},{\"@type\":\"WebSite\",\"@id\":\"https:\/\/crema-kirchheim.de\/crema\/#website\",\"url\":\"https:\/\/crema-kirchheim.de\/crema\/\",\"name\":\"Crema-Kirchheim\",\"description\":\"mehr als Fr\u00fchst\u00fcck\",\"publisher\":{\"@id\":\"https:\/\/crema-kirchheim.de\/crema\/#organization\"},\"potentialAction\":[{\"@type\":\"SearchAction\",\"target\":{\"@type\":\"EntryPoint\",\"urlTemplate\":\"https:\/\/crema-kirchheim.de\/crema\/?s={search_term_string}\"},\"query-input\":{\"@type\":\"PropertyValueSpecification\",\"valueRequired\":true,\"valueName\":\"search_term_string\"}}],\"inLanguage\":\"de\"},{\"@type\":\"Organization\",\"@id\":\"https:\/\/crema-kirchheim.de\/crema\/#organization\",\"name\":\"Crema - mehr als Fr\u00fchst\u00fcck\",\"url\":\"https:\/\/crema-kirchheim.de\/crema\/\",\"logo\":{\"@type\":\"ImageObject\",\"inLanguage\":\"de\",\"@id\":\"https:\/\/crema-kirchheim.de\/crema\/#\/schema\/logo\/image\/\",\"url\":\"https:\/\/crema-kirchheim.de\/wp-content\/uploads\/2025\/01\/cropped-LOGO-rund-Social-Media.png\",\"contentUrl\":\"https:\/\/crema-kirchheim.de\/wp-content\/uploads\/2025\/01\/cropped-LOGO-rund-Social-Media.png\",\"width\":800,\"height\":375,\"caption\":\"Crema - mehr als Fr\u00fchst\u00fcck\"},\"image\":{\"@id\":\"https:\/\/crema-kirchheim.de\/crema\/#\/schema\/logo\/image\/\"},\"sameAs\":[\"https:\/\/www.facebook.com\/p\/Crema-mehr-als-Frhstck-61571829382683\/\",\"https:\/\/www.instagram.com\/crema_mehr_als_fruehstueck\/\"]}]}<\/script>\n<!-- \/ Yoast SEO plugin. -->","yoast_head_json":{"title":"Impressum Cafe Crema - mehr als Fr\u00fchst\u00fcck, Kirchheim unter Teck - Crema-Kirchheim","description":"Impressum Cafe Crema Kirchheim unter Teck, Dettinger Str. 45, 73230 Kirchheim unter Teck. Verantwortlicher Redakteur, Links zu andren Seiten","robots":{"index":"index","follow":"follow","max-snippet":"max-snippet:-1","max-image-preview":"max-image-preview:large","max-video-preview":"max-video-preview:-1"},"canonical":"https:\/\/crema-kirchheim.de\/crema\/impressum\/","og_locale":"de_DE","og_type":"article","og_title":"Impressum Cafe Crema - mehr als Fr\u00fchst\u00fcck, Kirchheim unter Teck - Crema-Kirchheim","og_description":"Impressum Cafe Crema Kirchheim unter Teck, Dettinger Str. 45, 73230 Kirchheim unter Teck. Verantwortlicher Redakteur, Links zu andren Seiten","og_url":"https:\/\/crema-kirchheim.de\/crema\/impressum\/","og_site_name":"Crema-Kirchheim","article_publisher":"https:\/\/www.facebook.com\/p\/Crema-mehr-als-Frhstck-61571829382683\/","article_modified_time":"2025-09-30T15:55:52+00:00","twitter_card":"summary_large_image","twitter_misc":{"Gesch\u00e4tzte Lesezeit":"2\u00a0Minuten"},"schema":{"@context":"https:\/\/schema.org","@graph":[{"@type":"WebPage","@id":"https:\/\/crema-kirchheim.de\/crema\/impressum\/","url":"https:\/\/crema-kirchheim.de\/crema\/impressum\/","name":"Impressum Cafe Crema - mehr als Fr\u00fchst\u00fcck, Kirchheim unter Teck - Crema-Kirchheim","isPartOf":{"@id":"https:\/\/crema-kirchheim.de\/crema\/#website"},"datePublished":"2025-01-16T12:24:18+00:00","dateModified":"2025-09-30T15:55:52+00:00","description":"Impressum Cafe Crema Kirchheim unter Teck, Dettinger Str. 45, 73230 Kirchheim unter Teck. Verantwortlicher Redakteur, Links zu andren Seiten","breadcrumb":{"@id":"https:\/\/crema-kirchheim.de\/crema\/impressum\/#breadcrumb"},"inLanguage":"de","potentialAction":[{"@type":"ReadAction","target":["https:\/\/crema-kirchheim.de\/crema\/impressum\/"]}]},{"@type":"BreadcrumbList","@id":"https:\/\/crema-kirchheim.de\/crema\/impressum\/#breadcrumb","itemListElement":[{"@type":"ListItem","position":1,"name":"Startseite","item":"https:\/\/crema-kirchheim.de\/crema\/"},{"@type":"ListItem","position":2,"name":"Impressum"}]},{"@type":"WebSite","@id":"https:\/\/crema-kirchheim.de\/crema\/#website","url":"https:\/\/crema-kirchheim.de\/crema\/","name":"Crema-Kirchheim","description":"mehr als Fr\u00fchst\u00fcck","publisher":{"@id":"https:\/\/crema-kirchheim.de\/crema\/#organization"},"potentialAction":[{"@type":"SearchAction","target":{"@type":"EntryPoint","urlTemplate":"https:\/\/crema-kirchheim.de\/crema\/?s={search_term_string}"},"query-input":{"@type":"PropertyValueSpecification","valueRequired":true,"valueName":"search_term_string"}}],"inLanguage":"de"},{"@type":"Organization","@id":"https:\/\/crema-kirchheim.de\/crema\/#organization","name":"Crema - mehr als Fr\u00fchst\u00fcck","url":"https:\/\/crema-kirchheim.de\/crema\/","logo":{"@type":"ImageObject","inLanguage":"de","@id":"https:\/\/crema-kirchheim.de\/crema\/#\/schema\/logo\/image\/","url":"https:\/\/crema-kirchheim.de\/wp-content\/uploads\/2025\/01\/cropped-LOGO-rund-Social-Media.png","contentUrl":"https:\/\/crema-kirchheim.de\/wp-content\/uploads\/2025\/01\/cropped-LOGO-rund-Social-Media.png","width":800,"height":375,"caption":"Crema - mehr als Fr\u00fchst\u00fcck"},"image":{"@id":"https:\/\/crema-kirchheim.de\/crema\/#\/schema\/logo\/image\/"},"sameAs":["https:\/\/www.facebook.com\/p\/Crema-mehr-als-Frhstck-61571829382683\/","https:\/\/www.instagram.com\/crema_mehr_als_fruehstueck\/"]}]}},"_links":{"self":[{"href":"https:\/\/crema-kirchheim.de\/crema\/wp-json\/wp\/v2\/pages\/7","targetHints":{"allow":["GET"]}}],"collection":[{"href":"https:\/\/crema-kirchheim.de\/crema\/wp-json\/wp\/v2\/pages"}],"about":[{"href":"https:\/\/crema-kirchheim.de\/crema\/wp-json\/wp\/v2\/types\/page"}],"author":[{"embeddable":true,"href":"https:\/\/crema-kirchheim.de\/crema\/wp-json\/wp\/v2\/users\/1"}],"replies":[{"embeddable":true,"href":"https:\/\/crema-kirchheim.de\/crema\/wp-json\/wp\/v2\/comments?post=7"}],"version-history":[{"count":6,"href":"https:\/\/crema-kirchheim.de\/crema\/wp-json\/wp\/v2\/pages\/7\/revisions"}],"predecessor-version":[{"id":262,"href":"https:\/\/crema-kirchheim.de\/crema\/wp-json\/wp\/v2\/pages\/7\/revisions\/262"}],"wp:attachment":[{"href":"https:\/\/crema-kirchheim.de\/crema\/wp-json\/wp\/v2\/media?parent=7"}],"curies":[{"name":"wp","href":"https:\/\/api.w.org\/{rel}","templated":true}]}}