{"id":124,"date":"2025-02-15T05:10:08","date_gmt":"2025-02-15T05:10:08","guid":{"rendered":"http:\/\/crema-kirchheim.de\/crema\/?page_id=124"},"modified":"2025-09-30T16:03:15","modified_gmt":"2025-09-30T16:03:15","slug":"crema-shop","status":"publish","type":"page","link":"https:\/\/crema-kirchheim.de\/crema\/crema-shop\/","title":{"rendered":"Crema-Shop"},"content":{"rendered":"\n<h1 class=\"wp-block-heading\">Gutscheine<\/h1>\n\n\n\n<p>Ab sofort sind auch unsere Gutscheine im Cafe Crema erh\u00e4ltlich!<\/p>\n\n\n\n<p><br><\/p>\n\n\n\n<figure class=\"wp-block-video aligncenter\"><video controls src=\"http:\/\/crema-kirchheim.de\/wp-content\/uploads\/2025\/02\/WhatsApp-Video-2025-02-14-at-21.29.16.mp4\" playsinline><\/video><figcaption class=\"wp-element-caption\">unsere Gutscheine sind da<\/figcaption><\/figure>\n\n\n\n<p>Derzeit k\u00f6nnen Gutscheine allerdings nur direkt bei uns vor Ort im Cafe Crema w\u00e4hrend der \u00d6ffnungszeiten gekauft werden.<\/p>\n\n\n\n<p><\/p>\n\n\n\n<div class=\"wp-block-buttons is-content-justification-center is-layout-flex wp-container-core-buttons-is-layout-1 wp-block-buttons-is-layout-flex\">\n<div class=\"wp-block-button\"><a class=\"wp-block-button__link wp-element-button\" href=\"http:\/\/crema-kirchheim.de\/crema\/\">ZUR\u00dcCK<\/a><\/div>\n<\/div>\n","protected":false},"excerpt":{"rendered":"<p>Gutscheine Ab sofort sind auch unsere Gutscheine im Cafe Crema erh\u00e4ltlich! Derzeit k\u00f6nnen [&hellip;]<\/p>\n","protected":false},"author":1,"featured_media":127,"parent":0,"menu_order":0,"comment_status":"closed","ping_status":"closed","template":"","meta":{"footnotes":""},"class_list":["post-124","page","type-page","status-publish","has-post-thumbnail","hentry"],"yoast_head":"<!-- This site is optimized with the Yoast SEO plugin v26.8 - https:\/\/yoast.com\/product\/yoast-seo-wordpress\/ -->\n<title>Cafe Crema Kirchheim Teck Gutscheine kaufen und verschenken<\/title>\n<meta name=\"description\" content=\"Derzeit k\u00f6nnen Gutscheine nur direkt bei uns vor Ort im Cafe Crema w\u00e4hrend der \u00d6ffnungszeiten gekauft werden.\" \/>\n<meta name=\"robots\" content=\"index, follow, max-snippet:-1, max-image-preview:large, max-video-preview:-1\" \/>\n<link rel=\"canonical\" href=\"https:\/\/crema-kirchheim.de\/crema\/crema-shop\/\" \/>\n<meta property=\"og:locale\" content=\"de_DE\" \/>\n<meta property=\"og:type\" content=\"article\" \/>\n<meta property=\"og:title\" content=\"Cafe Crema Kirchheim Teck Gutscheine kaufen und verschenken\" \/>\n<meta property=\"og:description\" content=\"Derzeit k\u00f6nnen Gutscheine nur direkt bei uns vor Ort im Cafe Crema w\u00e4hrend der \u00d6ffnungszeiten gekauft werden.\" \/>\n<meta property=\"og:url\" content=\"https:\/\/crema-kirchheim.de\/crema\/crema-shop\/\" \/>\n<meta property=\"og:site_name\" content=\"Crema-Kirchheim\" \/>\n<meta property=\"article:publisher\" content=\"https:\/\/www.facebook.com\/p\/Crema-mehr-als-Frhstck-61571829382683\/\" \/>\n<meta property=\"article:modified_time\" content=\"2025-09-30T16:03:15+00:00\" \/>\n<meta property=\"og:image\" content=\"https:\/\/crema-kirchheim.de\/wp-content\/uploads\/2025\/02\/WhatsApp-Image-2025-02-14-at-22.05.01.jpeg\" \/>\n\t<meta property=\"og:image:width\" content=\"1080\" \/>\n\t<meta property=\"og:image:height\" content=\"1920\" \/>\n\t<meta property=\"og:image:type\" content=\"image\/jpeg\" \/>\n<meta name=\"twitter:card\" content=\"summary_large_image\" \/>\n<meta name=\"twitter:label1\" content=\"Gesch\u00e4tzte Lesezeit\" \/>\n\t<meta name=\"twitter:data1\" content=\"1\u00a0Minute\" \/>\n<script type=\"application\/ld+json\" class=\"yoast-schema-graph\">{\"@context\":\"https:\/\/schema.org\",\"@graph\":[{\"@type\":\"WebPage\",\"@id\":\"https:\/\/crema-kirchheim.de\/crema\/crema-shop\/\",\"url\":\"https:\/\/crema-kirchheim.de\/crema\/crema-shop\/\",\"name\":\"Cafe Crema Kirchheim Teck Gutscheine kaufen und verschenken\",\"isPartOf\":{\"@id\":\"https:\/\/crema-kirchheim.de\/crema\/#website\"},\"primaryImageOfPage\":{\"@id\":\"https:\/\/crema-kirchheim.de\/crema\/crema-shop\/#primaryimage\"},\"image\":{\"@id\":\"https:\/\/crema-kirchheim.de\/crema\/crema-shop\/#primaryimage\"},\"thumbnailUrl\":\"https:\/\/crema-kirchheim.de\/wp-content\/uploads\/2025\/02\/WhatsApp-Image-2025-02-14-at-22.05.01.jpeg\",\"datePublished\":\"2025-02-15T05:10:08+00:00\",\"dateModified\":\"2025-09-30T16:03:15+00:00\",\"description\":\"Derzeit k\u00f6nnen Gutscheine nur direkt bei uns vor Ort im Cafe Crema w\u00e4hrend der \u00d6ffnungszeiten gekauft werden.\",\"breadcrumb\":{\"@id\":\"https:\/\/crema-kirchheim.de\/crema\/crema-shop\/#breadcrumb\"},\"inLanguage\":\"de\",\"potentialAction\":[{\"@type\":\"ReadAction\",\"target\":[\"https:\/\/crema-kirchheim.de\/crema\/crema-shop\/\"]}]},{\"@type\":\"ImageObject\",\"inLanguage\":\"de\",\"@id\":\"https:\/\/crema-kirchheim.de\/crema\/crema-shop\/#primaryimage\",\"url\":\"https:\/\/crema-kirchheim.de\/wp-content\/uploads\/2025\/02\/WhatsApp-Image-2025-02-14-at-22.05.01.jpeg\",\"contentUrl\":\"https:\/\/crema-kirchheim.de\/wp-content\/uploads\/2025\/02\/WhatsApp-Image-2025-02-14-at-22.05.01.jpeg\",\"width\":1080,\"height\":1920},{\"@type\":\"BreadcrumbList\",\"@id\":\"https:\/\/crema-kirchheim.de\/crema\/crema-shop\/#breadcrumb\",\"itemListElement\":[{\"@type\":\"ListItem\",\"position\":1,\"name\":\"Startseite\",\"item\":\"https:\/\/crema-kirchheim.de\/crema\/\"},{\"@type\":\"ListItem\",\"position\":2,\"name\":\"Crema-Shop\"}]},{\"@type\":\"WebSite\",\"@id\":\"https:\/\/crema-kirchheim.de\/crema\/#website\",\"url\":\"https:\/\/crema-kirchheim.de\/crema\/\",\"name\":\"Crema-Kirchheim\",\"description\":\"mehr als Fr\u00fchst\u00fcck\",\"publisher\":{\"@id\":\"https:\/\/crema-kirchheim.de\/crema\/#organization\"},\"potentialAction\":[{\"@type\":\"SearchAction\",\"target\":{\"@type\":\"EntryPoint\",\"urlTemplate\":\"https:\/\/crema-kirchheim.de\/crema\/?s={search_term_string}\"},\"query-input\":{\"@type\":\"PropertyValueSpecification\",\"valueRequired\":true,\"valueName\":\"search_term_string\"}}],\"inLanguage\":\"de\"},{\"@type\":\"Organization\",\"@id\":\"https:\/\/crema-kirchheim.de\/crema\/#organization\",\"name\":\"Crema - mehr als Fr\u00fchst\u00fcck\",\"url\":\"https:\/\/crema-kirchheim.de\/crema\/\",\"logo\":{\"@type\":\"ImageObject\",\"inLanguage\":\"de\",\"@id\":\"https:\/\/crema-kirchheim.de\/crema\/#\/schema\/logo\/image\/\",\"url\":\"https:\/\/crema-kirchheim.de\/wp-content\/uploads\/2025\/01\/cropped-LOGO-rund-Social-Media.png\",\"contentUrl\":\"https:\/\/crema-kirchheim.de\/wp-content\/uploads\/2025\/01\/cropped-LOGO-rund-Social-Media.png\",\"width\":800,\"height\":375,\"caption\":\"Crema - mehr als Fr\u00fchst\u00fcck\"},\"image\":{\"@id\":\"https:\/\/crema-kirchheim.de\/crema\/#\/schema\/logo\/image\/\"},\"sameAs\":[\"https:\/\/www.facebook.com\/p\/Crema-mehr-als-Frhstck-61571829382683\/\",\"https:\/\/www.instagram.com\/crema_mehr_als_fruehstueck\/\"]}]}<\/script>\n<!-- \/ Yoast SEO plugin. -->","yoast_head_json":{"title":"Cafe Crema Kirchheim Teck Gutscheine kaufen und verschenken","description":"Derzeit k\u00f6nnen Gutscheine nur direkt bei uns vor Ort im Cafe Crema w\u00e4hrend der \u00d6ffnungszeiten gekauft werden.","robots":{"index":"index","follow":"follow","max-snippet":"max-snippet:-1","max-image-preview":"max-image-preview:large","max-video-preview":"max-video-preview:-1"},"canonical":"https:\/\/crema-kirchheim.de\/crema\/crema-shop\/","og_locale":"de_DE","og_type":"article","og_title":"Cafe Crema Kirchheim Teck Gutscheine kaufen und verschenken","og_description":"Derzeit k\u00f6nnen Gutscheine nur direkt bei uns vor Ort im Cafe Crema w\u00e4hrend der \u00d6ffnungszeiten gekauft werden.","og_url":"https:\/\/crema-kirchheim.de\/crema\/crema-shop\/","og_site_name":"Crema-Kirchheim","article_publisher":"https:\/\/www.facebook.com\/p\/Crema-mehr-als-Frhstck-61571829382683\/","article_modified_time":"2025-09-30T16:03:15+00:00","og_image":[{"width":1080,"height":1920,"url":"https:\/\/crema-kirchheim.de\/wp-content\/uploads\/2025\/02\/WhatsApp-Image-2025-02-14-at-22.05.01.jpeg","type":"image\/jpeg"}],"twitter_card":"summary_large_image","twitter_misc":{"Gesch\u00e4tzte Lesezeit":"1\u00a0Minute"},"schema":{"@context":"https:\/\/schema.org","@graph":[{"@type":"WebPage","@id":"https:\/\/crema-kirchheim.de\/crema\/crema-shop\/","url":"https:\/\/crema-kirchheim.de\/crema\/crema-shop\/","name":"Cafe Crema Kirchheim Teck Gutscheine kaufen und verschenken","isPartOf":{"@id":"https:\/\/crema-kirchheim.de\/crema\/#website"},"primaryImageOfPage":{"@id":"https:\/\/crema-kirchheim.de\/crema\/crema-shop\/#primaryimage"},"image":{"@id":"https:\/\/crema-kirchheim.de\/crema\/crema-shop\/#primaryimage"},"thumbnailUrl":"https:\/\/crema-kirchheim.de\/wp-content\/uploads\/2025\/02\/WhatsApp-Image-2025-02-14-at-22.05.01.jpeg","datePublished":"2025-02-15T05:10:08+00:00","dateModified":"2025-09-30T16:03:15+00:00","description":"Derzeit k\u00f6nnen Gutscheine nur direkt bei uns vor Ort im Cafe Crema w\u00e4hrend der \u00d6ffnungszeiten gekauft werden.","breadcrumb":{"@id":"https:\/\/crema-kirchheim.de\/crema\/crema-shop\/#breadcrumb"},"inLanguage":"de","potentialAction":[{"@type":"ReadAction","target":["https:\/\/crema-kirchheim.de\/crema\/crema-shop\/"]}]},{"@type":"ImageObject","inLanguage":"de","@id":"https:\/\/crema-kirchheim.de\/crema\/crema-shop\/#primaryimage","url":"https:\/\/crema-kirchheim.de\/wp-content\/uploads\/2025\/02\/WhatsApp-Image-2025-02-14-at-22.05.01.jpeg","contentUrl":"https:\/\/crema-kirchheim.de\/wp-content\/uploads\/2025\/02\/WhatsApp-Image-2025-02-14-at-22.05.01.jpeg","width":1080,"height":1920},{"@type":"BreadcrumbList","@id":"https:\/\/crema-kirchheim.de\/crema\/crema-shop\/#breadcrumb","itemListElement":[{"@type":"ListItem","position":1,"name":"Startseite","item":"https:\/\/crema-kirchheim.de\/crema\/"},{"@type":"ListItem","position":2,"name":"Crema-Shop"}]},{"@type":"WebSite","@id":"https:\/\/crema-kirchheim.de\/crema\/#website","url":"https:\/\/crema-kirchheim.de\/crema\/","name":"Crema-Kirchheim","description":"mehr als Fr\u00fchst\u00fcck","publisher":{"@id":"https:\/\/crema-kirchheim.de\/crema\/#organization"},"potentialAction":[{"@type":"SearchAction","target":{"@type":"EntryPoint","urlTemplate":"https:\/\/crema-kirchheim.de\/crema\/?s={search_term_string}"},"query-input":{"@type":"PropertyValueSpecification","valueRequired":true,"valueName":"search_term_string"}}],"inLanguage":"de"},{"@type":"Organization","@id":"https:\/\/crema-kirchheim.de\/crema\/#organization","name":"Crema - mehr als Fr\u00fchst\u00fcck","url":"https:\/\/crema-kirchheim.de\/crema\/","logo":{"@type":"ImageObject","inLanguage":"de","@id":"https:\/\/crema-kirchheim.de\/crema\/#\/schema\/logo\/image\/","url":"https:\/\/crema-kirchheim.de\/wp-content\/uploads\/2025\/01\/cropped-LOGO-rund-Social-Media.png","contentUrl":"https:\/\/crema-kirchheim.de\/wp-content\/uploads\/2025\/01\/cropped-LOGO-rund-Social-Media.png","width":800,"height":375,"caption":"Crema - mehr als Fr\u00fchst\u00fcck"},"image":{"@id":"https:\/\/crema-kirchheim.de\/crema\/#\/schema\/logo\/image\/"},"sameAs":["https:\/\/www.facebook.com\/p\/Crema-mehr-als-Frhstck-61571829382683\/","https:\/\/www.instagram.com\/crema_mehr_als_fruehstueck\/"]}]}},"_links":{"self":[{"href":"https:\/\/crema-kirchheim.de\/crema\/wp-json\/wp\/v2\/pages\/124","targetHints":{"allow":["GET"]}}],"collection":[{"href":"https:\/\/crema-kirchheim.de\/crema\/wp-json\/wp\/v2\/pages"}],"about":[{"href":"https:\/\/crema-kirchheim.de\/crema\/wp-json\/wp\/v2\/types\/page"}],"author":[{"embeddable":true,"href":"https:\/\/crema-kirchheim.de\/crema\/wp-json\/wp\/v2\/users\/1"}],"replies":[{"embeddable":true,"href":"https:\/\/crema-kirchheim.de\/crema\/wp-json\/wp\/v2\/comments?post=124"}],"version-history":[{"count":6,"href":"https:\/\/crema-kirchheim.de\/crema\/wp-json\/wp\/v2\/pages\/124\/revisions"}],"predecessor-version":[{"id":269,"href":"https:\/\/crema-kirchheim.de\/crema\/wp-json\/wp\/v2\/pages\/124\/revisions\/269"}],"wp:featuredmedia":[{"embeddable":true,"href":"https:\/\/crema-kirchheim.de\/crema\/wp-json\/wp\/v2\/media\/127"}],"wp:attachment":[{"href":"https:\/\/crema-kirchheim.de\/crema\/wp-json\/wp\/v2\/media?parent=124"}],"curies":[{"name":"wp","href":"https:\/\/api.w.org\/{rel}","templated":true}]}}