{"id":115,"date":"2025-02-09T23:28:22","date_gmt":"2025-02-09T23:28:22","guid":{"rendered":"http:\/\/crema-kirchheim.de\/crema\/?page_id=115"},"modified":"2026-01-09T14:08:15","modified_gmt":"2026-01-09T14:08:15","slug":"karriere-im-crema","status":"publish","type":"page","link":"https:\/\/crema-kirchheim.de\/crema\/karriere-im-crema\/","title":{"rendered":"Karriere im Crema"},"content":{"rendered":"\n<h1 class=\"wp-block-heading\"><strong>Wir haben zur Zeit folgende offene Stellen zu besetzen:<\/strong><\/h1>\n\n\n\n<p class=\"has-medium-font-size\">Aktuell haben wir leider keine offenen Stellen zu besetzen. Allerdings suchen wir immer wieder Aushilfen f\u00fcr Service und Kaffee-Bar, auch unter der Woche. Schau doch einfach mal rein und frag nach \ud83d\ude09<\/p>\n\n\n\n<div class=\"wp-block-buttons is-content-justification-center is-layout-flex wp-container-core-buttons-is-layout-1 wp-block-buttons-is-layout-flex\">\n<div class=\"wp-block-button\"><a class=\"wp-block-button__link wp-element-button\" href=\"http:\/\/crema-kirchheim.de\/crema\/\">ZUR\u00dcCK<\/a><\/div>\n<\/div>\n\n\n\n<p><\/p>\n","protected":false},"excerpt":{"rendered":"<p>Wir haben zur Zeit folgende offene Stellen zu besetzen: Aktuell haben wir leider [&hellip;]<\/p>\n","protected":false},"author":1,"featured_media":0,"parent":0,"menu_order":0,"comment_status":"closed","ping_status":"closed","template":"","meta":{"footnotes":""},"class_list":["post-115","page","type-page","status-publish","hentry"],"yoast_head":"<!-- This site is optimized with the Yoast SEO plugin v26.8 - https:\/\/yoast.com\/product\/yoast-seo-wordpress\/ -->\n<title>Karriere im Cafe Crema - mehr als Fr\u00fchst\u00fcckKarriere im Crema - Crema-Kirchheim<\/title>\n<meta name=\"description\" content=\"Wir suchen immer wieder freundliche und engagierte Mitarbeiter f\u00fcr unser einzigartiges Cafe in Kirchheim unter Teck. Schau doch mal vorbei.\" \/>\n<meta name=\"robots\" content=\"index, follow, max-snippet:-1, max-image-preview:large, max-video-preview:-1\" \/>\n<link rel=\"canonical\" href=\"https:\/\/crema-kirchheim.de\/crema\/karriere-im-crema\/\" \/>\n<meta property=\"og:locale\" content=\"de_DE\" \/>\n<meta property=\"og:type\" content=\"article\" \/>\n<meta property=\"og:title\" content=\"Karriere im Cafe Crema - mehr als Fr\u00fchst\u00fcckKarriere im Crema - Crema-Kirchheim\" \/>\n<meta property=\"og:description\" content=\"Wir suchen immer wieder freundliche und engagierte Mitarbeiter f\u00fcr unser einzigartiges Cafe in Kirchheim unter Teck. Schau doch mal vorbei.\" \/>\n<meta property=\"og:url\" content=\"https:\/\/crema-kirchheim.de\/crema\/karriere-im-crema\/\" \/>\n<meta property=\"og:site_name\" content=\"Crema-Kirchheim\" \/>\n<meta property=\"article:publisher\" content=\"https:\/\/www.facebook.com\/p\/Crema-mehr-als-Frhstck-61571829382683\/\" \/>\n<meta property=\"article:modified_time\" content=\"2026-01-09T14:08:15+00:00\" \/>\n<meta name=\"twitter:card\" content=\"summary_large_image\" \/>\n<meta name=\"twitter:label1\" content=\"Gesch\u00e4tzte Lesezeit\" \/>\n\t<meta name=\"twitter:data1\" content=\"1\u00a0Minute\" \/>\n<script type=\"application\/ld+json\" class=\"yoast-schema-graph\">{\"@context\":\"https:\/\/schema.org\",\"@graph\":[{\"@type\":\"WebPage\",\"@id\":\"https:\/\/crema-kirchheim.de\/crema\/karriere-im-crema\/\",\"url\":\"https:\/\/crema-kirchheim.de\/crema\/karriere-im-crema\/\",\"name\":\"Karriere im Cafe Crema - mehr als Fr\u00fchst\u00fcckKarriere im Crema - Crema-Kirchheim\",\"isPartOf\":{\"@id\":\"https:\/\/crema-kirchheim.de\/crema\/#website\"},\"datePublished\":\"2025-02-09T23:28:22+00:00\",\"dateModified\":\"2026-01-09T14:08:15+00:00\",\"description\":\"Wir suchen immer wieder freundliche und engagierte Mitarbeiter f\u00fcr unser einzigartiges Cafe in Kirchheim unter Teck. Schau doch mal vorbei.\",\"breadcrumb\":{\"@id\":\"https:\/\/crema-kirchheim.de\/crema\/karriere-im-crema\/#breadcrumb\"},\"inLanguage\":\"de\",\"potentialAction\":[{\"@type\":\"ReadAction\",\"target\":[\"https:\/\/crema-kirchheim.de\/crema\/karriere-im-crema\/\"]}]},{\"@type\":\"BreadcrumbList\",\"@id\":\"https:\/\/crema-kirchheim.de\/crema\/karriere-im-crema\/#breadcrumb\",\"itemListElement\":[{\"@type\":\"ListItem\",\"position\":1,\"name\":\"Startseite\",\"item\":\"https:\/\/crema-kirchheim.de\/crema\/\"},{\"@type\":\"ListItem\",\"position\":2,\"name\":\"Karriere im Crema\"}]},{\"@type\":\"WebSite\",\"@id\":\"https:\/\/crema-kirchheim.de\/crema\/#website\",\"url\":\"https:\/\/crema-kirchheim.de\/crema\/\",\"name\":\"Crema-Kirchheim\",\"description\":\"mehr als Fr\u00fchst\u00fcck\",\"publisher\":{\"@id\":\"https:\/\/crema-kirchheim.de\/crema\/#organization\"},\"potentialAction\":[{\"@type\":\"SearchAction\",\"target\":{\"@type\":\"EntryPoint\",\"urlTemplate\":\"https:\/\/crema-kirchheim.de\/crema\/?s={search_term_string}\"},\"query-input\":{\"@type\":\"PropertyValueSpecification\",\"valueRequired\":true,\"valueName\":\"search_term_string\"}}],\"inLanguage\":\"de\"},{\"@type\":\"Organization\",\"@id\":\"https:\/\/crema-kirchheim.de\/crema\/#organization\",\"name\":\"Crema - mehr als Fr\u00fchst\u00fcck\",\"url\":\"https:\/\/crema-kirchheim.de\/crema\/\",\"logo\":{\"@type\":\"ImageObject\",\"inLanguage\":\"de\",\"@id\":\"https:\/\/crema-kirchheim.de\/crema\/#\/schema\/logo\/image\/\",\"url\":\"https:\/\/crema-kirchheim.de\/wp-content\/uploads\/2025\/01\/cropped-LOGO-rund-Social-Media.png\",\"contentUrl\":\"https:\/\/crema-kirchheim.de\/wp-content\/uploads\/2025\/01\/cropped-LOGO-rund-Social-Media.png\",\"width\":800,\"height\":375,\"caption\":\"Crema - mehr als Fr\u00fchst\u00fcck\"},\"image\":{\"@id\":\"https:\/\/crema-kirchheim.de\/crema\/#\/schema\/logo\/image\/\"},\"sameAs\":[\"https:\/\/www.facebook.com\/p\/Crema-mehr-als-Frhstck-61571829382683\/\",\"https:\/\/www.instagram.com\/crema_mehr_als_fruehstueck\/\"]}]}<\/script>\n<!-- \/ Yoast SEO plugin. -->","yoast_head_json":{"title":"Karriere im Cafe Crema - mehr als Fr\u00fchst\u00fcckKarriere im Crema - Crema-Kirchheim","description":"Wir suchen immer wieder freundliche und engagierte Mitarbeiter f\u00fcr unser einzigartiges Cafe in Kirchheim unter Teck. Schau doch mal vorbei.","robots":{"index":"index","follow":"follow","max-snippet":"max-snippet:-1","max-image-preview":"max-image-preview:large","max-video-preview":"max-video-preview:-1"},"canonical":"https:\/\/crema-kirchheim.de\/crema\/karriere-im-crema\/","og_locale":"de_DE","og_type":"article","og_title":"Karriere im Cafe Crema - mehr als Fr\u00fchst\u00fcckKarriere im Crema - Crema-Kirchheim","og_description":"Wir suchen immer wieder freundliche und engagierte Mitarbeiter f\u00fcr unser einzigartiges Cafe in Kirchheim unter Teck. Schau doch mal vorbei.","og_url":"https:\/\/crema-kirchheim.de\/crema\/karriere-im-crema\/","og_site_name":"Crema-Kirchheim","article_publisher":"https:\/\/www.facebook.com\/p\/Crema-mehr-als-Frhstck-61571829382683\/","article_modified_time":"2026-01-09T14:08:15+00:00","twitter_card":"summary_large_image","twitter_misc":{"Gesch\u00e4tzte Lesezeit":"1\u00a0Minute"},"schema":{"@context":"https:\/\/schema.org","@graph":[{"@type":"WebPage","@id":"https:\/\/crema-kirchheim.de\/crema\/karriere-im-crema\/","url":"https:\/\/crema-kirchheim.de\/crema\/karriere-im-crema\/","name":"Karriere im Cafe Crema - mehr als Fr\u00fchst\u00fcckKarriere im Crema - Crema-Kirchheim","isPartOf":{"@id":"https:\/\/crema-kirchheim.de\/crema\/#website"},"datePublished":"2025-02-09T23:28:22+00:00","dateModified":"2026-01-09T14:08:15+00:00","description":"Wir suchen immer wieder freundliche und engagierte Mitarbeiter f\u00fcr unser einzigartiges Cafe in Kirchheim unter Teck. Schau doch mal vorbei.","breadcrumb":{"@id":"https:\/\/crema-kirchheim.de\/crema\/karriere-im-crema\/#breadcrumb"},"inLanguage":"de","potentialAction":[{"@type":"ReadAction","target":["https:\/\/crema-kirchheim.de\/crema\/karriere-im-crema\/"]}]},{"@type":"BreadcrumbList","@id":"https:\/\/crema-kirchheim.de\/crema\/karriere-im-crema\/#breadcrumb","itemListElement":[{"@type":"ListItem","position":1,"name":"Startseite","item":"https:\/\/crema-kirchheim.de\/crema\/"},{"@type":"ListItem","position":2,"name":"Karriere im Crema"}]},{"@type":"WebSite","@id":"https:\/\/crema-kirchheim.de\/crema\/#website","url":"https:\/\/crema-kirchheim.de\/crema\/","name":"Crema-Kirchheim","description":"mehr als Fr\u00fchst\u00fcck","publisher":{"@id":"https:\/\/crema-kirchheim.de\/crema\/#organization"},"potentialAction":[{"@type":"SearchAction","target":{"@type":"EntryPoint","urlTemplate":"https:\/\/crema-kirchheim.de\/crema\/?s={search_term_string}"},"query-input":{"@type":"PropertyValueSpecification","valueRequired":true,"valueName":"search_term_string"}}],"inLanguage":"de"},{"@type":"Organization","@id":"https:\/\/crema-kirchheim.de\/crema\/#organization","name":"Crema - mehr als Fr\u00fchst\u00fcck","url":"https:\/\/crema-kirchheim.de\/crema\/","logo":{"@type":"ImageObject","inLanguage":"de","@id":"https:\/\/crema-kirchheim.de\/crema\/#\/schema\/logo\/image\/","url":"https:\/\/crema-kirchheim.de\/wp-content\/uploads\/2025\/01\/cropped-LOGO-rund-Social-Media.png","contentUrl":"https:\/\/crema-kirchheim.de\/wp-content\/uploads\/2025\/01\/cropped-LOGO-rund-Social-Media.png","width":800,"height":375,"caption":"Crema - mehr als Fr\u00fchst\u00fcck"},"image":{"@id":"https:\/\/crema-kirchheim.de\/crema\/#\/schema\/logo\/image\/"},"sameAs":["https:\/\/www.facebook.com\/p\/Crema-mehr-als-Frhstck-61571829382683\/","https:\/\/www.instagram.com\/crema_mehr_als_fruehstueck\/"]}]}},"_links":{"self":[{"href":"https:\/\/crema-kirchheim.de\/crema\/wp-json\/wp\/v2\/pages\/115","targetHints":{"allow":["GET"]}}],"collection":[{"href":"https:\/\/crema-kirchheim.de\/crema\/wp-json\/wp\/v2\/pages"}],"about":[{"href":"https:\/\/crema-kirchheim.de\/crema\/wp-json\/wp\/v2\/types\/page"}],"author":[{"embeddable":true,"href":"https:\/\/crema-kirchheim.de\/crema\/wp-json\/wp\/v2\/users\/1"}],"replies":[{"embeddable":true,"href":"https:\/\/crema-kirchheim.de\/crema\/wp-json\/wp\/v2\/comments?post=115"}],"version-history":[{"count":5,"href":"https:\/\/crema-kirchheim.de\/crema\/wp-json\/wp\/v2\/pages\/115\/revisions"}],"predecessor-version":[{"id":308,"href":"https:\/\/crema-kirchheim.de\/crema\/wp-json\/wp\/v2\/pages\/115\/revisions\/308"}],"wp:attachment":[{"href":"https:\/\/crema-kirchheim.de\/crema\/wp-json\/wp\/v2\/media?parent=115"}],"curies":[{"name":"wp","href":"https:\/\/api.w.org\/{rel}","templated":true}]}}